{"id":2713,"date":"2026-01-04T08:49:50","date_gmt":"2026-01-04T07:49:50","guid":{"rendered":"https:\/\/rezervace.nala.cz\/?page_id=2713"},"modified":"2026-03-26T10:50:24","modified_gmt":"2026-03-26T09:50:24","slug":"podekovani","status":"publish","type":"page","link":"https:\/\/rezervace.nala.cz\/en\/podekovani\/","title":{"rendered":"Amelia &#8211; pod\u011bkov\u00e1ni"},"content":{"rendered":"<style>.kb-row-layout-id2713_e10941-bd > .kt-row-column-wrap{align-content:start;}:where(.kb-row-layout-id2713_e10941-bd > .kt-row-column-wrap) > .wp-block-kadence-column{justify-content:start;}.kb-row-layout-id2713_e10941-bd > .kt-row-column-wrap{column-gap:var(--global-kb-gap-md, 2rem);row-gap:var(--global-kb-gap-md, 2rem);max-width:850px;margin-left:auto;margin-right:auto;padding-top:200px;padding-right:0px;padding-bottom:140px;padding-left:0px;min-height:100vh;grid-template-columns:minmax(0, 1fr);}.kb-row-layout-id2713_e10941-bd > .kt-row-layout-overlay{opacity:0.80;mix-blend-mode:normal;}@media all and (max-width: 1024px){.kb-row-layout-id2713_e10941-bd > .kt-row-column-wrap{grid-template-columns:minmax(0, 1fr);}}@media all and (max-width: 767px){.kb-row-layout-id2713_e10941-bd > .kt-row-column-wrap{padding-top:120px;padding-right:15px;padding-bottom:60px;padding-left:15px;grid-template-columns:minmax(0, 1fr);}}<\/style><div class=\"kb-row-layout-wrap kb-row-layout-id2713_e10941-bd alignfull kt-row-has-bg wp-block-kadence-rowlayout\"><div class=\"kt-row-column-wrap kt-has-1-columns kt-row-layout-equal kt-tab-layout-inherit kt-mobile-layout-row kt-row-valign-top\">\n<style>.kadence-column2713_b9d1e7-df > .kt-inside-inner-col{padding-top:10px;padding-right:10px;padding-bottom:10px;padding-left:10px;}.kadence-column2713_b9d1e7-df > .kt-inside-inner-col,.kadence-column2713_b9d1e7-df > .kt-inside-inner-col:before{border-top-left-radius:0px;border-top-right-radius:0px;border-bottom-right-radius:0px;border-bottom-left-radius:0px;}.kadence-column2713_b9d1e7-df > .kt-inside-inner-col{column-gap:var(--global-kb-gap-sm, 1rem);}.kadence-column2713_b9d1e7-df > .kt-inside-inner-col{flex-direction:column;}.kadence-column2713_b9d1e7-df > .kt-inside-inner-col > .aligncenter{width:100%;}.kadence-column2713_b9d1e7-df > .kt-inside-inner-col:before{opacity:0.3;}.kadence-column2713_b9d1e7-df{position:relative;}@media all and (max-width: 1024px){.kadence-column2713_b9d1e7-df > .kt-inside-inner-col{flex-direction:column;justify-content:center;}}@media all and (max-width: 767px){.kadence-column2713_b9d1e7-df > .kt-inside-inner-col{flex-direction:column;justify-content:center;}}<\/style>\n<div class=\"wp-block-kadence-column kadence-column2713_b9d1e7-df inner-column-1\"><div class=\"kt-inside-inner-col\"><style>.wp-block-kadence-advancedheading.kt-adv-heading2713_c76d6e-4d, .wp-block-kadence-advancedheading.kt-adv-heading2713_c76d6e-4d[data-kb-block=\"kb-adv-heading2713_c76d6e-4d\"]{margin-bottom:26px;text-align:center;font-size:var(--global-kb-font-size-xl, 3rem);line-height:64px;font-style:normal;}.wp-block-kadence-advancedheading.kt-adv-heading2713_c76d6e-4d mark.kt-highlight, .wp-block-kadence-advancedheading.kt-adv-heading2713_c76d6e-4d[data-kb-block=\"kb-adv-heading2713_c76d6e-4d\"] mark.kt-highlight{font-style:normal;color:#f76a0c;-webkit-box-decoration-break:clone;box-decoration-break:clone;padding-top:0px;padding-right:0px;padding-bottom:0px;padding-left:0px;}.wp-block-kadence-advancedheading.kt-adv-heading2713_c76d6e-4d img.kb-inline-image, .wp-block-kadence-advancedheading.kt-adv-heading2713_c76d6e-4d[data-kb-block=\"kb-adv-heading2713_c76d6e-4d\"] img.kb-inline-image{width:150px;vertical-align:baseline;}@media all and (max-width: 767px){.wp-block-kadence-advancedheading.kt-adv-heading2713_c76d6e-4d, .wp-block-kadence-advancedheading.kt-adv-heading2713_c76d6e-4d[data-kb-block=\"kb-adv-heading2713_c76d6e-4d\"]{font-size:32px;line-height:36px;}}<\/style>\n<h1 class=\"kt-adv-heading2713_c76d6e-4d wp-block-kadence-advancedheading has-theme-palette-3-color has-text-color\" data-kb-block=\"kb-adv-heading2713_c76d6e-4d\">D\u011bkujeme za rezervaci!<\/h1>\n\n\n<style>.wp-block-kadence-advancedheading.kt-adv-heading2713_75bcc0-ef, .wp-block-kadence-advancedheading.kt-adv-heading2713_75bcc0-ef[data-kb-block=\"kb-adv-heading2713_75bcc0-ef\"]{margin-bottom:40px;text-align:center;font-style:normal;}.wp-block-kadence-advancedheading.kt-adv-heading2713_75bcc0-ef mark.kt-highlight, .wp-block-kadence-advancedheading.kt-adv-heading2713_75bcc0-ef[data-kb-block=\"kb-adv-heading2713_75bcc0-ef\"] mark.kt-highlight{font-style:normal;color:#f76a0c;-webkit-box-decoration-break:clone;box-decoration-break:clone;padding-top:0px;padding-right:0px;padding-bottom:0px;padding-left:0px;}.wp-block-kadence-advancedheading.kt-adv-heading2713_75bcc0-ef img.kb-inline-image, .wp-block-kadence-advancedheading.kt-adv-heading2713_75bcc0-ef[data-kb-block=\"kb-adv-heading2713_75bcc0-ef\"] img.kb-inline-image{width:150px;vertical-align:baseline;}<\/style>\n<p class=\"kt-adv-heading2713_75bcc0-ef wp-block-kadence-advancedheading has-theme-palette-4-color has-text-color\" data-kb-block=\"kb-adv-heading2713_75bcc0-ef\">Va\u0161e rezervace byla \u00fasp\u011b\u0161n\u011b dokon\u010dena. Potvrzen\u00ed jsme v\u00e1m poslali e-mailem. <br>Sv\u00e9 rezervace si m\u016f\u017eete spravovat v z\u00e1kaznick\u00e9m panelu, kde najdete v\u0161echny detaily ke sv\u00fdm rezervac\u00edm.<br><br>V p\u0159\u00edpad\u011b dotaz\u016f n\u00e1s nev\u00e1hejte kontaktovat.<br>T\u011b\u0161\u00edme se na v\u00e1s!<\/p>\n\n\n<style>.wp-block-kadence-advancedbtn.kt-btns2713_a56cf2-be, .site .entry-content .wp-block-kadence-advancedbtn.kt-btns2713_a56cf2-be, .wp-block-kadence-advancedbtn.kb-btns2713_a56cf2-be, .site .entry-content .wp-block-kadence-advancedbtn.kb-btns2713_a56cf2-be{margin-top:0px;margin-bottom:-5px;}.wp-block-kadence-advancedbtn.kb-btns2713_a56cf2-be{gap:var(--global-kb-gap-xs, 0.5rem );justify-content:center;align-items:center;}.kt-btns2713_a56cf2-be .kt-button{font-weight:normal;font-style:normal;}<\/style>\n<div class=\"wp-block-kadence-advancedbtn kb-buttons-wrap kb-btns2713_a56cf2-be\"><style>ul.menu .wp-block-kadence-advancedbtn .kb-btn2713_8ab68a-3d.kb-button{width:initial;}.wp-block-kadence-advancedbtn .kb-btn2713_8ab68a-3d.kb-button{padding-top:16px;padding-bottom:16px;}<\/style><a class=\"kb-button kt-button button kb-btn2713_8ab68a-3d kt-btn-size-standard kt-btn-width-type-auto kb-btn-global-inherit  kt-btn-has-text-true kt-btn-has-svg-false  wp-block-button__link wp-block-kadence-singlebtn\" href=\"https:\/\/rezervace.nala.cz\/zakaznici-prihlaseni\/\"><span class=\"kt-btn-inner-text\">Spravovat rezervace<\/span><\/a><\/div>\n<\/div><\/div>\n\n<\/div><\/div>","protected":false},"excerpt":{"rendered":"<p>D\u011bkujeme za rezervaci! Va\u0161e rezervace byla \u00fasp\u011b\u0161n\u011b dokon\u010dena. Potvrzen\u00ed jsme v\u00e1m poslali e-mailem. Sv\u00e9 rezervace si m\u016f\u017eete spravovat v z\u00e1kaznick\u00e9m panelu, kde najdete v\u0161echny detaily ke sv\u00fdm rezervac\u00edm. V p\u0159\u00edpad\u011b dotaz\u016f n\u00e1s nev\u00e1hejte kontaktovat.T\u011b\u0161\u00edme se na v\u00e1s!<\/p>","protected":false},"author":6,"featured_media":0,"parent":0,"menu_order":0,"comment_status":"closed","ping_status":"closed","template":"","meta":{"_acf_changed":false,"_kad_blocks_custom_css":"","_kad_blocks_head_custom_js":"","_kad_blocks_body_custom_js":"","_kad_blocks_footer_custom_js":"","_kad_post_transparent":"","_kad_post_title":"","_kad_post_layout":"","_kad_post_sidebar_id":"","_kad_post_content_style":"","_kad_post_vertical_padding":"","_kad_post_feature":"","_kad_post_feature_position":"","_kad_post_header":false,"_kad_post_footer":true,"_kad_post_classname":"","footnotes":""},"class_list":["post-2713","page","type-page","status-publish","hentry"],"acf":[],"taxonomy_info":[],"featured_image_src_large":false,"author_info":{"display_name":"Leo Grzyb","author_link":"https:\/\/rezervace.nala.cz\/en\/author\/leo-nala\/"},"comment_info":0,"_links":{"self":[{"href":"https:\/\/rezervace.nala.cz\/en\/wp-json\/wp\/v2\/pages\/2713","targetHints":{"allow":["GET"]}}],"collection":[{"href":"https:\/\/rezervace.nala.cz\/en\/wp-json\/wp\/v2\/pages"}],"about":[{"href":"https:\/\/rezervace.nala.cz\/en\/wp-json\/wp\/v2\/types\/page"}],"author":[{"embeddable":true,"href":"https:\/\/rezervace.nala.cz\/en\/wp-json\/wp\/v2\/users\/6"}],"replies":[{"embeddable":true,"href":"https:\/\/rezervace.nala.cz\/en\/wp-json\/wp\/v2\/comments?post=2713"}],"version-history":[{"count":9,"href":"https:\/\/rezervace.nala.cz\/en\/wp-json\/wp\/v2\/pages\/2713\/revisions"}],"predecessor-version":[{"id":4218,"href":"https:\/\/rezervace.nala.cz\/en\/wp-json\/wp\/v2\/pages\/2713\/revisions\/4218"}],"wp:attachment":[{"href":"https:\/\/rezervace.nala.cz\/en\/wp-json\/wp\/v2\/media?parent=2713"}],"curies":[{"name":"wp","href":"https:\/\/api.w.org\/{rel}","templated":true}]}}