{"id":4230,"date":"2026-03-27T13:51:26","date_gmt":"2026-03-27T12:51:26","guid":{"rendered":"https:\/\/rezervace.nala.cz\/?page_id=4230"},"modified":"2026-03-30T11:53:48","modified_gmt":"2026-03-30T09:53:48","slug":"banner-nala","status":"publish","type":"page","link":"https:\/\/rezervace.nala.cz\/en\/banner-nala\/","title":{"rendered":"Banner nala"},"content":{"rendered":"<style>.kb-row-layout-wrap.wp-block-kadence-rowlayout.kb-row-layout-id4230_70e1a9-73{margin-top:var(--global-kb-spacing-xxl, 5rem);}.kb-row-layout-id4230_70e1a9-73 > .kt-row-column-wrap{align-content:center;}:where(.kb-row-layout-id4230_70e1a9-73 > .kt-row-column-wrap) > .wp-block-kadence-column{justify-content:center;}.kb-row-layout-id4230_70e1a9-73 > .kt-row-column-wrap{column-gap:var(--global-kb-gap-md, 2rem);row-gap:var(--global-kb-gap-md, 2rem);max-width:var( --global-content-width, 1250px );padding-left:var(--global-content-edge-padding);padding-right:var(--global-content-edge-padding);padding-top:var(--global-kb-spacing-sm, 1.5rem);padding-bottom:var(--global-kb-spacing-sm, 1.5rem);min-height:600px;grid-template-columns:repeat(2, minmax(0, 1fr));}.kb-row-layout-id4230_70e1a9-73{background-image:url('https:\/\/rezervace.nala.cz\/wp-content\/uploads\/2026\/03\/banner-homepage.webp');background-size:cover;background-position:center center;background-attachment:scroll;background-repeat:no-repeat;}.kb-row-layout-id4230_70e1a9-73 > .kt-row-layout-overlay{opacity:0.52;background:linear-gradient(135deg,var(--global-palette3) 0%,rgba(20,39,109,0) 100%);}@media all and (max-width: 1024px){.kb-row-layout-id4230_70e1a9-73 > .kt-row-column-wrap{grid-template-columns:repeat(2, minmax(0, 1fr));}}@media all and (max-width: 767px){.kb-row-layout-id4230_70e1a9-73 > .kt-row-column-wrap{grid-template-columns:minmax(0, 1fr);}}<\/style><div class=\"kb-row-layout-wrap kb-row-layout-id4230_70e1a9-73 alignfull kt-row-has-bg wp-block-kadence-rowlayout\"><div class=\"kt-row-layout-overlay kt-row-overlay-gradient\"><\/div><div class=\"kt-row-column-wrap kt-has-2-columns kt-row-layout-equal kt-tab-layout-inherit kt-mobile-layout-row kt-row-valign-middle kb-theme-content-width\">\n<style>.kadence-column4230_6d9c48-e8 > .kt-inside-inner-col,.kadence-column4230_6d9c48-e8 > .kt-inside-inner-col:before{border-top-left-radius:0px;border-top-right-radius:0px;border-bottom-right-radius:0px;border-bottom-left-radius:0px;}.kadence-column4230_6d9c48-e8 > .kt-inside-inner-col{column-gap:var(--global-kb-gap-sm, 1rem);}.kadence-column4230_6d9c48-e8 > .kt-inside-inner-col{flex-direction:column;}.kadence-column4230_6d9c48-e8 > .kt-inside-inner-col > .aligncenter{width:100%;}.kadence-column4230_6d9c48-e8 > .kt-inside-inner-col:before{opacity:0.3;}.kadence-column4230_6d9c48-e8{position:relative;}@media all and (max-width: 1024px){.kadence-column4230_6d9c48-e8 > .kt-inside-inner-col{flex-direction:column;justify-content:center;}}@media all and (max-width: 767px){.kadence-column4230_6d9c48-e8 > .kt-inside-inner-col{flex-direction:column;justify-content:center;}}<\/style>\n<div class=\"wp-block-kadence-column kadence-column4230_6d9c48-e8\"><div class=\"kt-inside-inner-col\"><style>.wp-block-kadence-advancedheading.kt-adv-heading4230_4f797c-96, .wp-block-kadence-advancedheading.kt-adv-heading4230_4f797c-96[data-kb-block=\"kb-adv-heading4230_4f797c-96\"]{font-style:normal;}.wp-block-kadence-advancedheading.kt-adv-heading4230_4f797c-96 mark.kt-highlight, .wp-block-kadence-advancedheading.kt-adv-heading4230_4f797c-96[data-kb-block=\"kb-adv-heading4230_4f797c-96\"] mark.kt-highlight{font-style:normal;color:#f76a0c;-webkit-box-decoration-break:clone;box-decoration-break:clone;padding-top:0px;padding-right:0px;padding-bottom:0px;padding-left:0px;}.wp-block-kadence-advancedheading.kt-adv-heading4230_4f797c-96 img.kb-inline-image, .wp-block-kadence-advancedheading.kt-adv-heading4230_4f797c-96[data-kb-block=\"kb-adv-heading4230_4f797c-96\"] img.kb-inline-image{width:150px;vertical-align:baseline;}<\/style>\n<h2 class=\"kt-adv-heading4230_4f797c-96 wp-block-kadence-advancedheading has-theme-palette-9-color has-text-color\" data-kb-block=\"kb-adv-heading4230_4f797c-96\"><strong>Cesta ke \u0161t\u011bst\u00ed<\/strong><br><strong>a svobodn\u00e9 mysli<\/strong><\/h2>\n\n\n<style>.wp-block-kadence-advancedheading.kt-adv-heading4230_4b4c32-c1, .wp-block-kadence-advancedheading.kt-adv-heading4230_4b4c32-c1[data-kb-block=\"kb-adv-heading4230_4b4c32-c1\"]{font-size:22px;font-style:normal;}.wp-block-kadence-advancedheading.kt-adv-heading4230_4b4c32-c1 mark.kt-highlight, .wp-block-kadence-advancedheading.kt-adv-heading4230_4b4c32-c1[data-kb-block=\"kb-adv-heading4230_4b4c32-c1\"] mark.kt-highlight{font-style:normal;-webkit-box-decoration-break:clone;box-decoration-break:clone;padding-top:0px;padding-right:0px;padding-bottom:0px;padding-left:0px;}.wp-block-kadence-advancedheading.kt-adv-heading4230_4b4c32-c1 img.kb-inline-image, .wp-block-kadence-advancedheading.kt-adv-heading4230_4b4c32-c1[data-kb-block=\"kb-adv-heading4230_4b4c32-c1\"] img.kb-inline-image{width:150px;vertical-align:baseline;}<\/style>\n<p class=\"kt-adv-heading4230_4b4c32-c1 wp-block-kadence-advancedheading has-theme-palette-9-color has-text-color\" data-kb-block=\"kb-adv-heading4230_4b4c32-c1\">Nala centrum je m\u00edstem pro v\u0161echny, kte\u0159\u00ed cht\u011bj\u00ed objevit s\u00edlu a harmonii t\u011bla, energie a mysli. Nab\u00edz\u00ed v\u0159el\u00e9 prost\u0159ed\u00ed pro setk\u00e1v\u00e1n\u00ed, meditace, j\u00f3gu a l\u00e9\u010den\u00ed dle princip\u016f celostn\u00ed medic\u00edny.<\/p>\n\n\n<style>.wp-block-kadence-advancedbtn.kb-btns4230_d06e2a-f5{gap:var(--global-kb-gap-md, 2rem);justify-content:flex-start;align-items:center;}.kt-btns4230_d06e2a-f5 .kt-button{font-weight:normal;font-style:normal;}.kt-btns4230_d06e2a-f5 .kt-btn-wrap-0{margin-right:5px;}.wp-block-kadence-advancedbtn.kt-btns4230_d06e2a-f5 .kt-btn-wrap-0 .kt-button{color:#555555;border-color:#555555;}.wp-block-kadence-advancedbtn.kt-btns4230_d06e2a-f5 .kt-btn-wrap-0 .kt-button:hover, .wp-block-kadence-advancedbtn.kt-btns4230_d06e2a-f5 .kt-btn-wrap-0 .kt-button:focus{color:#ffffff;border-color:#444444;}.wp-block-kadence-advancedbtn.kt-btns4230_d06e2a-f5 .kt-btn-wrap-0 .kt-button::before{display:none;}.wp-block-kadence-advancedbtn.kt-btns4230_d06e2a-f5 .kt-btn-wrap-0 .kt-button:hover, .wp-block-kadence-advancedbtn.kt-btns4230_d06e2a-f5 .kt-btn-wrap-0 .kt-button:focus{background:#444444;}<\/style>\n<div class=\"wp-block-kadence-advancedbtn kb-buttons-wrap kb-btns4230_d06e2a-f5\"><style>ul.menu .wp-block-kadence-advancedbtn .kb-btn4230_d4cde1-20.kb-button{width:initial;}.wp-block-kadence-advancedbtn .kb-btn4230_d4cde1-20.kb-button{border-top-left-radius:4px;border-top-right-radius:4px;border-bottom-right-radius:4px;border-bottom-left-radius:4px;border-top:1px solid var(--global-palette1, #3182CE);border-right:1px solid var(--global-palette1, #3182CE);border-bottom:1px solid var(--global-palette1, #3182CE);border-left:1px solid var(--global-palette1, #3182CE);}.wp-block-kadence-advancedbtn .kb-btn4230_d4cde1-20.kb-button:hover, .wp-block-kadence-advancedbtn .kb-btn4230_d4cde1-20.kb-button:focus{background:rgba(0,0,0,0);border-top:1px solid var(--global-palette9, #ffffff);border-right:1px solid var(--global-palette9, #ffffff);border-bottom:1px solid var(--global-palette9, #ffffff);border-left:1px solid var(--global-palette9, #ffffff);}@media all and (max-width: 1024px){.wp-block-kadence-advancedbtn .kb-btn4230_d4cde1-20.kb-button{border-top:1px solid var(--global-palette1, #3182CE);border-right:1px solid var(--global-palette1, #3182CE);border-bottom:1px solid var(--global-palette1, #3182CE);border-left:1px solid var(--global-palette1, #3182CE);}}@media all and (max-width: 1024px){.wp-block-kadence-advancedbtn .kb-btn4230_d4cde1-20.kb-button:hover, .wp-block-kadence-advancedbtn .kb-btn4230_d4cde1-20.kb-button:focus{border-top:1px solid var(--global-palette9, #ffffff);border-right:1px solid var(--global-palette9, #ffffff);border-bottom:1px solid var(--global-palette9, #ffffff);border-left:1px solid var(--global-palette9, #ffffff);}}@media all and (max-width: 767px){.wp-block-kadence-advancedbtn .kb-btn4230_d4cde1-20.kb-button{border-top:1px solid var(--global-palette1, #3182CE);border-right:1px solid var(--global-palette1, #3182CE);border-bottom:1px solid var(--global-palette1, #3182CE);border-left:1px solid var(--global-palette1, #3182CE);}.wp-block-kadence-advancedbtn .kb-btn4230_d4cde1-20.kb-button:hover, .wp-block-kadence-advancedbtn .kb-btn4230_d4cde1-20.kb-button:focus{border-top:1px solid var(--global-palette9, #ffffff);border-right:1px solid var(--global-palette9, #ffffff);border-bottom:1px solid var(--global-palette9, #ffffff);border-left:1px solid var(--global-palette9, #ffffff);}}<\/style><span class=\"kb-button kt-button button kb-btn4230_d4cde1-20 kt-btn-size-standard kt-btn-width-type-auto kb-btn-global-fill  kt-btn-has-text-true kt-btn-has-svg-false  wp-block-kadence-singlebtn\"><span class=\"kt-btn-inner-text\">Podpo\u0159te n\u00e1s<\/span><\/span>\n\n<style>ul.menu .wp-block-kadence-advancedbtn .kb-btn4230_c3d911-89.kb-button{width:initial;}.wp-block-kadence-advancedbtn .kb-btn4230_c3d911-89.kb-button{background:rgba(0,0,0,0);border-top-left-radius:4px;border-top-right-radius:4px;border-bottom-right-radius:4px;border-bottom-left-radius:4px;border-top:1px solid var(--global-palette9, #ffffff);border-right:1px solid var(--global-palette9, #ffffff);border-bottom:1px solid var(--global-palette9, #ffffff);border-left:1px solid var(--global-palette9, #ffffff);}.wp-block-kadence-advancedbtn .kb-btn4230_c3d911-89.kb-button:hover, .wp-block-kadence-advancedbtn .kb-btn4230_c3d911-89.kb-button:focus{background:var(--global-palette1, #3182CE);border-top:1px solid var(--global-palette1, #3182CE);border-right:1px solid var(--global-palette1, #3182CE);border-bottom:1px solid var(--global-palette1, #3182CE);border-left:1px solid var(--global-palette1, #3182CE);}@media all and (max-width: 1024px){.wp-block-kadence-advancedbtn .kb-btn4230_c3d911-89.kb-button{border-top:1px solid var(--global-palette9, #ffffff);border-right:1px solid var(--global-palette9, #ffffff);border-bottom:1px solid var(--global-palette9, #ffffff);border-left:1px solid var(--global-palette9, #ffffff);}}@media all and (max-width: 1024px){.wp-block-kadence-advancedbtn .kb-btn4230_c3d911-89.kb-button:hover, .wp-block-kadence-advancedbtn .kb-btn4230_c3d911-89.kb-button:focus{border-top:1px solid var(--global-palette1, #3182CE);border-right:1px solid var(--global-palette1, #3182CE);border-bottom:1px solid var(--global-palette1, #3182CE);border-left:1px solid var(--global-palette1, #3182CE);}}@media all and (max-width: 767px){.wp-block-kadence-advancedbtn .kb-btn4230_c3d911-89.kb-button{border-top:1px solid var(--global-palette9, #ffffff);border-right:1px solid var(--global-palette9, #ffffff);border-bottom:1px solid var(--global-palette9, #ffffff);border-left:1px solid var(--global-palette9, #ffffff);}.wp-block-kadence-advancedbtn .kb-btn4230_c3d911-89.kb-button:hover, .wp-block-kadence-advancedbtn .kb-btn4230_c3d911-89.kb-button:focus{border-top:1px solid var(--global-palette1, #3182CE);border-right:1px solid var(--global-palette1, #3182CE);border-bottom:1px solid var(--global-palette1, #3182CE);border-left:1px solid var(--global-palette1, #3182CE);}}<\/style><span class=\"kb-button kt-button button kb-btn4230_c3d911-89 kt-btn-size-standard kt-btn-width-type-auto kb-btn-global-fill  kt-btn-has-text-true kt-btn-has-svg-false  wp-block-kadence-singlebtn\"><span class=\"kt-btn-inner-text\">Aktivity centra<\/span><\/span><\/div>\n<\/div><\/div>\n\n\n<style>.kadence-column4230_23bb72-18 > .kt-inside-inner-col,.kadence-column4230_23bb72-18 > .kt-inside-inner-col:before{border-top-left-radius:0px;border-top-right-radius:0px;border-bottom-right-radius:0px;border-bottom-left-radius:0px;}.kadence-column4230_23bb72-18 > .kt-inside-inner-col{column-gap:var(--global-kb-gap-sm, 1rem);}.kadence-column4230_23bb72-18 > .kt-inside-inner-col{flex-direction:column;}.kadence-column4230_23bb72-18 > .kt-inside-inner-col > .aligncenter{width:100%;}.kadence-column4230_23bb72-18 > .kt-inside-inner-col:before{opacity:0.3;}.kadence-column4230_23bb72-18{position:relative;}@media all and (max-width: 1024px){.kadence-column4230_23bb72-18 > .kt-inside-inner-col{flex-direction:column;justify-content:center;}}@media all and (max-width: 767px){.kadence-column4230_23bb72-18 > .kt-inside-inner-col{flex-direction:column;justify-content:center;}}<\/style>\n<div class=\"wp-block-kadence-column kadence-column4230_23bb72-18\"><div class=\"kt-inside-inner-col\"><\/div><\/div>\n\n<\/div><\/div>\n\n\n\n\n<p><\/p>\n","protected":false},"excerpt":{"rendered":"<p>Cesta ke \u0161t\u011bst\u00eda svobodn\u00e9 mysli Nala centrum je m\u00edstem pro v\u0161echny, kte\u0159\u00ed cht\u011bj\u00ed objevit s\u00edlu a harmonii t\u011bla, energie a mysli. Nab\u00edz\u00ed v\u0159el\u00e9 prost\u0159ed\u00ed pro setk\u00e1v\u00e1n\u00ed, meditace, j\u00f3gu a l\u00e9\u010den\u00ed dle princip\u016f celostn\u00ed medic\u00edny. Cesta ke \u0161t\u011bst\u00eda vnit\u0159n\u00ed rovnov\u00e1ze Nala centrum je m\u00edstem pro v\u0161echny, kte\u0159\u00ed cht\u011bj\u00ed objevit s\u00edlu a harmonii t\u011bla, energie a mysli&#8230;.<\/p>","protected":false},"author":6,"featured_media":0,"parent":0,"menu_order":0,"comment_status":"closed","ping_status":"closed","template":"","meta":{"_acf_changed":false,"_kad_blocks_custom_css":"","_kad_blocks_head_custom_js":"","_kad_blocks_body_custom_js":"","_kad_blocks_footer_custom_js":"","_kad_post_transparent":"","_kad_post_title":"","_kad_post_layout":"","_kad_post_sidebar_id":"","_kad_post_content_style":"","_kad_post_vertical_padding":"","_kad_post_feature":"","_kad_post_feature_position":"","_kad_post_header":true,"_kad_post_footer":true,"_kad_post_classname":"","footnotes":""},"class_list":["post-4230","page","type-page","status-publish","hentry"],"acf":[],"taxonomy_info":[],"featured_image_src_large":false,"author_info":{"display_name":"Leo Grzyb","author_link":"https:\/\/rezervace.nala.cz\/en\/author\/leo-nala\/"},"comment_info":0,"_links":{"self":[{"href":"https:\/\/rezervace.nala.cz\/en\/wp-json\/wp\/v2\/pages\/4230","targetHints":{"allow":["GET"]}}],"collection":[{"href":"https:\/\/rezervace.nala.cz\/en\/wp-json\/wp\/v2\/pages"}],"about":[{"href":"https:\/\/rezervace.nala.cz\/en\/wp-json\/wp\/v2\/types\/page"}],"author":[{"embeddable":true,"href":"https:\/\/rezervace.nala.cz\/en\/wp-json\/wp\/v2\/users\/6"}],"replies":[{"embeddable":true,"href":"https:\/\/rezervace.nala.cz\/en\/wp-json\/wp\/v2\/comments?post=4230"}],"version-history":[{"count":9,"href":"https:\/\/rezervace.nala.cz\/en\/wp-json\/wp\/v2\/pages\/4230\/revisions"}],"predecessor-version":[{"id":4242,"href":"https:\/\/rezervace.nala.cz\/en\/wp-json\/wp\/v2\/pages\/4230\/revisions\/4242"}],"wp:attachment":[{"href":"https:\/\/rezervace.nala.cz\/en\/wp-json\/wp\/v2\/media?parent=4230"}],"curies":[{"name":"wp","href":"https:\/\/api.w.org\/{rel}","templated":true}]}}