{"id":3468,"date":"2026-01-28T07:12:22","date_gmt":"2026-01-28T06:12:22","guid":{"rendered":"https:\/\/rezervace.nala.cz\/?post_type=product&#038;p=3468"},"modified":"2026-02-05T20:43:03","modified_gmt":"2026-02-05T19:43:03","slug":"prednaska-osobne-neucastnim-se-retreatu","status":"publish","type":"product","link":"https:\/\/rezervace.nala.cz\/en\/e-shop\/prednaska-osobne-neucastnim-se-retreatu\/","title":{"rendered":"LECTURE \u2013 IN PERSON  (I will not participate in the retreat)"},"content":{"rendered":"<div style=\"font-family: inherit;line-height: 1.6;color: #333\" class=\"booking-instructions\">\n<h3 style=\"color: #962733;font-size: 24px;margin-bottom: 20px\"><strong>\u201eINTRODUCTION to NYUNGNE\" - Lecture  4.3. - 5.3.2026\u200b<\/strong><\/h3>\n<h4 style=\"color: #000000;font-size: 20px;font-weight: 400;margin-bottom: 25px\">Reservation instructions:<\/h4>\n<p style=\"margin-bottom: 20px\"><strong style=\"color: #962733\">ATTENTION \u2013 2 TYPES OF TICKETS<\/strong> for this event<\/p>\n<p style=\"margin-bottom: 20px\"><strong style=\"color: #962733\">REDUCED TICKETS ONLY<\/strong> for <strong>PARTICIPANTS<\/strong> of the following RETREAT NYUNGNE<br \/>\nThis also applies to the participants you add.<\/p>\n<p style=\"margin-bottom: 10px\"><strong style=\"color: #962733\">MANDATORY ATTENDANCE<\/strong> at this lecture for <strong>ALL<\/strong> those interested in participating in the following RETREAT NYUNGNE.<\/p>\n<p style=\"font-size: 15px;color: #444\">(This also applies to those who have already attended this lecture!)<\/p>\n<\/div>","protected":false},"excerpt":{"rendered":"<p><strong data-end=\"51\" data-start=\"34\">Location:<\/strong><br data-end=\"54\" data-start=\"51\"><a rel=\"noopener\" href=\"https:\/\/maps.app.goo.gl\/rATMdLekCtnnfWBR8\">Karma Kungha Padkar Ling<\/a>, 270 24 \u00dajezd nad Zbe\u010dnem<\/p>","protected":false},"featured_media":3087,"template":"","meta":{"_acf_changed":false,"_kad_blocks_custom_css":"","_kad_blocks_head_custom_js":"","_kad_blocks_body_custom_js":"","_kad_blocks_footer_custom_js":"","_kad_post_transparent":"default","_kad_post_title":"","_kad_post_layout":"default","_kad_post_sidebar_id":"","_kad_post_content_style":"default","_kad_post_vertical_padding":"default","_kad_post_feature":"","_kad_post_feature_position":"","_kad_post_header":false,"_kad_post_footer":false,"_kad_post_classname":""},"product_brand":[232],"product_cat":[33,233,275,273],"product_tag":[263,246],"class_list":{"0":"post-3468","1":"product","2":"type-product","3":"status-publish","4":"has-post-thumbnail","6":"product_brand-amelia","7":"product_cat-buddhisticke-akce","8":"product_cat-nungne","9":"product_cat-osobne","10":"product_cat-prednaska","11":"product_tag-donation","12":"product_tag-osobne","14":"first","15":"instock","16":"virtual","17":"purchasable","18":"product-type-simple","19":"entry","20":"content-bg","21":"loop-entry"},"acf":[],"taxonomy_info":{"product_brand":[{"value":232,"label":"Amelia"}],"product_cat":[{"value":33,"label":"BUDDHISTICK\u00c9 AKCE"},{"value":233,"label":"\u0147UNGNE"},{"value":275,"label":"Osobne"},{"value":273,"label":"P\u0159edn\u00e1\u0161ka"}],"product_tag":[{"value":263,"label":"Donation"},{"value":246,"label":"Osobn\u011b"}]},"featured_image_src_large":["https:\/\/rezervace.nala.cz\/wp-content\/uploads\/2026\/01\/Nyungne-2026-Banners-1024x684.webp",1024,684,true],"author_info":[],"comment_info":"","_links":{"self":[{"href":"https:\/\/rezervace.nala.cz\/en\/wp-json\/wp\/v2\/product\/3468","targetHints":{"allow":["GET"]}}],"collection":[{"href":"https:\/\/rezervace.nala.cz\/en\/wp-json\/wp\/v2\/product"}],"about":[{"href":"https:\/\/rezervace.nala.cz\/en\/wp-json\/wp\/v2\/types\/product"}],"wp:featuredmedia":[{"embeddable":true,"href":"https:\/\/rezervace.nala.cz\/en\/wp-json\/wp\/v2\/media\/3087"}],"wp:attachment":[{"href":"https:\/\/rezervace.nala.cz\/en\/wp-json\/wp\/v2\/media?parent=3468"}],"wp:term":[{"taxonomy":"product_brand","embeddable":true,"href":"https:\/\/rezervace.nala.cz\/en\/wp-json\/wp\/v2\/product_brand?post=3468"},{"taxonomy":"product_cat","embeddable":true,"href":"https:\/\/rezervace.nala.cz\/en\/wp-json\/wp\/v2\/product_cat?post=3468"},{"taxonomy":"product_tag","embeddable":true,"href":"https:\/\/rezervace.nala.cz\/en\/wp-json\/wp\/v2\/product_tag?post=3468"}],"curies":[{"name":"wp","href":"https:\/\/api.w.org\/{rel}","templated":true}]}}